{"id":80,"date":"2017-02-10T20:56:20","date_gmt":"2017-02-10T20:56:20","guid":{"rendered":"http:\/\/www.abenteuer-delphin.ch\/?page_id=80"},"modified":"2017-02-10T20:56:20","modified_gmt":"2017-02-10T20:56:20","slug":"kinder-und-jugendliche","status":"publish","type":"page","link":"https:\/\/www.abenteuer-delphin.ch\/?page_id=80","title":{"rendered":"Kinder und Jugendliche"},"content":{"rendered":"<p>Die Inspiration, die Kreativit\u00e4t die Ehrlichkeit, die Spontanit\u00e4t, dass immer wieder Staunen \u00fcber das Leben, die Sch\u00f6pfung, ist unseren kleinen Erdenb\u00fcrgen den Kindern noch eigen.<\/p>\n<p>Kinderseelen sind verletzlich sind sensibel, sind offen, sind lebensnah. Nicht zuletzt sage ich; Kinder sind unsere gr\u00f6ssten geistigen und spirituellen Lehrmeister. Sie verstehen, sp\u00fcren und f\u00fchlen oft so viel mehr, als wir Erwachsenen zugeben m\u00f6chten.<\/p>\n<p>Meine aufrichtige Liebe geh\u00f6rt diesen Wesen, meine Energie stelle ich ihnen zur Verf\u00fcgung. Einen Teil meiner Lebensaufgabe und meiner Berufung, meinem Beruf, der Arbeit mit Kindern und Jugendlichen.<\/p>\n<p>Auf meinen zahlreichen Reisen, durfte ich im Auftrag meines Hauptauftraggebers der Kinder Stiftung Sternschnuppe in Z\u00fcrich, auch viele langzeit- und schwerst erkrankte, behinderte Kinder\/Jugendliche begleiten.<\/p>\n<p>Diese Reisen haben mich gepr\u00e4gt, haben mich gelernt, das Leben mit all seinem Reichtum, der Farbenpracht und in voller Intensit\u00e4t im Hier und Jetzt, immer wieder aufs Neue zu entdecken.<\/p>\n<p>Ein tiefer Dank \u201emeinen\u201c Kindern, deren Familien, f\u00fcr die sch\u00f6nen Erlebnisse, Momente, Geschichten, Briefe, Zeichnungen und vieles mehr, f\u00fcr was ich keine Worte finden kann. F\u00fcr das mir entgegengebrachte und geschenkte Vertrauen.<\/p>\n<p>Die Gruppen werden teilweise durchmischt. Der gesunde und nat\u00fcrliche Umgang, das Verst\u00e4ndnis, die Akzeptanz, die Integration von Behinderten, sozial Schw\u00e4cheren und benachteiligten Menschen, soll klar gef\u00f6rdert werden und stellt einen weiteren Aspekt meiner T\u00e4tigkeit und meiner Botschaft dar.<\/p>\n<p>&nbsp;<\/p>\n","protected":false},"excerpt":{"rendered":"<p>Die Inspiration, die Kreativit\u00e4t die Ehrlichkeit, die Spontanit\u00e4t, dass immer wieder Staunen \u00fcber das Leben, die Sch\u00f6pfung, ist unseren kleinen Erdenb\u00fcrgen den Kindern noch eigen. Kinderseelen sind verletzlich sind sensibel, sind offen, sind lebensnah. Nicht zuletzt sage ich; Kinder sind unsere gr\u00f6ssten geistigen und spirituellen Lehrmeister. Sie verstehen, sp\u00fcren und f\u00fchlen oft so viel mehr, &hellip; <\/p>\n<p class=\"link-more\"><a href=\"https:\/\/www.abenteuer-delphin.ch\/?page_id=80\" class=\"more-link\"><span class=\"screen-reader-text\">\u201eKinder und Jugendliche\u201c<\/span> weiterlesen<\/a><\/p>\n","protected":false},"author":1,"featured_media":0,"parent":0,"menu_order":0,"comment_status":"closed","ping_status":"closed","template":"","meta":{"footnotes":""},"class_list":["post-80","page","type-page","status-publish","hentry"],"_links":{"self":[{"href":"https:\/\/www.abenteuer-delphin.ch\/index.php?rest_route=\/wp\/v2\/pages\/80","targetHints":{"allow":["GET"]}}],"collection":[{"href":"https:\/\/www.abenteuer-delphin.ch\/index.php?rest_route=\/wp\/v2\/pages"}],"about":[{"href":"https:\/\/www.abenteuer-delphin.ch\/index.php?rest_route=\/wp\/v2\/types\/page"}],"author":[{"embeddable":true,"href":"https:\/\/www.abenteuer-delphin.ch\/index.php?rest_route=\/wp\/v2\/users\/1"}],"replies":[{"embeddable":true,"href":"https:\/\/www.abenteuer-delphin.ch\/index.php?rest_route=%2Fwp%2Fv2%2Fcomments&post=80"}],"version-history":[{"count":1,"href":"https:\/\/www.abenteuer-delphin.ch\/index.php?rest_route=\/wp\/v2\/pages\/80\/revisions"}],"predecessor-version":[{"id":82,"href":"https:\/\/www.abenteuer-delphin.ch\/index.php?rest_route=\/wp\/v2\/pages\/80\/revisions\/82"}],"wp:attachment":[{"href":"https:\/\/www.abenteuer-delphin.ch\/index.php?rest_route=%2Fwp%2Fv2%2Fmedia&parent=80"}],"curies":[{"name":"wp","href":"https:\/\/api.w.org\/{rel}","templated":true}]}}