{"id":83,"date":"2017-02-10T20:57:06","date_gmt":"2017-02-10T20:57:06","guid":{"rendered":"http:\/\/www.abenteuer-delphin.ch\/?page_id=83"},"modified":"2017-02-11T21:24:26","modified_gmt":"2017-02-11T21:24:26","slug":"kreativ-atelier","status":"publish","type":"page","link":"https:\/\/www.abenteuer-delphin.ch\/?page_id=83","title":{"rendered":"Kreativ Atelier"},"content":{"rendered":"<p>In meinem Atelier an der Dorfstrasse 43 in Oetwil an der Limmat, vermittle ich auf Wunsch, Kindern und Jugendlichen, mein im Dolphin Reef Eilat\/Israel erworbenes Wissen \u00fcber Delphine und deren Lebensweise.<\/p>\n<p>Nebst dem spielerischen und autodidaktischen Lernen, haben die Teilnehmer\/Innen aber auch die M\u00f6glichkeit, sich kreativ zu verwirklichen und auszudr\u00fccken.<\/p>\n<p>Farben, Formen, Stoffe, B\u00e4nder, Steine, Speckstein, Fluss Steine, Mosaiksteine, Ton, Gips etc. stehen zur Verf\u00fcgung.<\/p>\n<p>Der Phantasie der K\u00fcnstler m\u00f6chte ich jedoch freien, wenn auch unmerklich gef\u00fchrten Lauf Lassen.<\/p>\n<p>Meinen TeilnehmerInnen schenke ich die uneingeschr\u00e4nkte Aufmerksamkeit, das Malen kann bei anstehenden Themen, eine enorme Hilfe und Unterst\u00fctzung darstellen. Der Prozess beginnt mit dem Malen. Die Bilder werden jedoch nicht bewertet und interpretiert. Begleitetes Malen ist das Ziel, jedoch niemals wertendes.<\/p>\n<p>Meine Ausbildung und Erfahrung als Malleiterin\/Maltherapeutin IHK, Z\u00fcrich (Institut f\u00fcr humanistische Kunsttherapie) wende ich an.<\/p>\n<p>Oeffnungszeiten \/Kosten\/Anmeldungen nach Vereinbarung schriftlich oder telefonisch unter :<\/p>\n<p>Susanne Kuntner, Arbeit&amp;Kind, Huebwiesenstrasse 7a, 8954 Geroldswil, Tel +41 44 748 39 67, Fax. +41 44 748 39 76, abenteuerdelfin@yahoo.de<\/p>\n","protected":false},"excerpt":{"rendered":"<p>In meinem Atelier an der Dorfstrasse 43 in Oetwil an der Limmat, vermittle ich auf Wunsch, Kindern und Jugendlichen, mein im Dolphin Reef Eilat\/Israel erworbenes Wissen \u00fcber Delphine und deren Lebensweise. Nebst dem spielerischen und autodidaktischen Lernen, haben die Teilnehmer\/Innen aber auch die M\u00f6glichkeit, sich kreativ zu verwirklichen und auszudr\u00fccken. Farben, Formen, Stoffe, B\u00e4nder, Steine, &hellip; <\/p>\n<p class=\"link-more\"><a href=\"https:\/\/www.abenteuer-delphin.ch\/?page_id=83\" class=\"more-link\"><span class=\"screen-reader-text\">\u201eKreativ Atelier\u201c<\/span> weiterlesen<\/a><\/p>\n","protected":false},"author":1,"featured_media":0,"parent":0,"menu_order":0,"comment_status":"closed","ping_status":"closed","template":"","meta":{"footnotes":""},"class_list":["post-83","page","type-page","status-publish","hentry"],"_links":{"self":[{"href":"https:\/\/www.abenteuer-delphin.ch\/index.php?rest_route=\/wp\/v2\/pages\/83","targetHints":{"allow":["GET"]}}],"collection":[{"href":"https:\/\/www.abenteuer-delphin.ch\/index.php?rest_route=\/wp\/v2\/pages"}],"about":[{"href":"https:\/\/www.abenteuer-delphin.ch\/index.php?rest_route=\/wp\/v2\/types\/page"}],"author":[{"embeddable":true,"href":"https:\/\/www.abenteuer-delphin.ch\/index.php?rest_route=\/wp\/v2\/users\/1"}],"replies":[{"embeddable":true,"href":"https:\/\/www.abenteuer-delphin.ch\/index.php?rest_route=%2Fwp%2Fv2%2Fcomments&post=83"}],"version-history":[{"count":2,"href":"https:\/\/www.abenteuer-delphin.ch\/index.php?rest_route=\/wp\/v2\/pages\/83\/revisions"}],"predecessor-version":[{"id":171,"href":"https:\/\/www.abenteuer-delphin.ch\/index.php?rest_route=\/wp\/v2\/pages\/83\/revisions\/171"}],"wp:attachment":[{"href":"https:\/\/www.abenteuer-delphin.ch\/index.php?rest_route=%2Fwp%2Fv2%2Fmedia&parent=83"}],"curies":[{"name":"wp","href":"https:\/\/api.w.org\/{rel}","templated":true}]}}