{"id":89,"date":"2017-02-10T20:57:58","date_gmt":"2017-02-10T20:57:58","guid":{"rendered":"http:\/\/www.abenteuer-delphin.ch\/?page_id=89"},"modified":"2018-05-09T16:25:48","modified_gmt":"2018-05-09T16:25:48","slug":"kinderstiftung","status":"publish","type":"page","link":"https:\/\/www.abenteuer-delphin.ch\/?page_id=89","title":{"rendered":"Kinderstiftung"},"content":{"rendered":"<p>Abenteuer Delphin\/Adventure Dolphin, Arbeit &amp; Kind ist eine Non Profit Organisation. Die Reisen zu den Delfinen nach Eilat\/Israel werden von den Familien selbst bezahlt oder von der Kinderstiftung Sternschnuppe in Z\u00fcrich vollumf\u00e4nglich finanziert.<\/p>\n<p><b>Damit diese Idee weiterleben und sich auch weiterentwickeln kann und noch viele Kinderherzen\/Menschen h\u00f6her schlagen l\u00e4sst, gr\u00fcndet Abenteuer Delphin\/Adventure Dolphin eine Stiftung, (Statuten in Bearbeitung, Gr\u00fcndung 2004) Wir sind auf Ihre gesch\u00e4tzte Hilfe und finanziellen Beitr\u00e4ge angewiesen!<\/b><\/p>\n<p>Zielsetzung der Stiftung ist es vorerst, die Ferienreisen ins Dolphin Reef Eilat\/Israel f\u00fcr finanziell und sozial schw\u00e4chere Schichten zu erm\u00f6glichen sowie zu einem sp\u00e4teren Zeitpunkt das geplante Gross-Projekt: <b><span style=\"color: #000000;\">DOLPHIN<\/span><span style=\"color: #0000ff;\">ZONE\u00a9<\/span><\/b> CENTER FOR RESEARCH, LEARNING AND EXPERIENCE <a href=\"http:\/\/www.abenteuer-delphin.ch\/?page_id=92\">(Link zu Projekte\/News)<\/a> zu f\u00f6rdern und unterst\u00fctzen.<\/p>\n<p>Die Gelder kommen vollumf\u00e4nglich den Ferienreisen der Kindern\/Jugendlichen und deren Familien sowie dem geplanten Gross-Projekt <b><span style=\"color: #000000;\">DOLPHIN<\/span><span style=\"color: #0000ff;\">ZONE\u00a9<\/span> <\/b>zu Gute.<br \/>\nWir garantieren Ihnen, dass wir mit Ihrem Geld Gutes an Mensch, Tier und Natur tun! Die Kontrolle der Finanzen obliegt einer \u00f6ffentlichen Instanz.<\/p>\n<p><b>Sollten Sie zum jetzigen Zeitpunkt bereits den Wunsch in sich versp\u00fcren, einem Kind\/Jugendlichen diese Reise zu erm\u00f6glichen, bitte entsprechende Spenden mit dem Vermerk \u201eAbenteuer Delphin, Ferien f\u00fcr Kinder\/Jugendliche im Dolphin Reef Eilat\/Israel\u201c an das Konto der Kinderstitung Sternschnuppe in Z\u00fcrich \u00fcberweisen.<\/b><\/p>\n","protected":false},"excerpt":{"rendered":"<p>Abenteuer Delphin\/Adventure Dolphin, Arbeit &amp; Kind ist eine Non Profit Organisation. Die Reisen zu den Delfinen nach Eilat\/Israel werden von den Familien selbst bezahlt oder von der Kinderstiftung Sternschnuppe in Z\u00fcrich vollumf\u00e4nglich finanziert. Damit diese Idee weiterleben und sich auch weiterentwickeln kann und noch viele Kinderherzen\/Menschen h\u00f6her schlagen l\u00e4sst, gr\u00fcndet Abenteuer Delphin\/Adventure Dolphin eine Stiftung, &hellip; <\/p>\n<p class=\"link-more\"><a href=\"https:\/\/www.abenteuer-delphin.ch\/?page_id=89\" class=\"more-link\"><span class=\"screen-reader-text\">\u201eKinderstiftung\u201c<\/span> weiterlesen<\/a><\/p>\n","protected":false},"author":1,"featured_media":0,"parent":0,"menu_order":0,"comment_status":"closed","ping_status":"closed","template":"","meta":{"footnotes":""},"class_list":["post-89","page","type-page","status-publish","hentry"],"_links":{"self":[{"href":"https:\/\/www.abenteuer-delphin.ch\/index.php?rest_route=\/wp\/v2\/pages\/89","targetHints":{"allow":["GET"]}}],"collection":[{"href":"https:\/\/www.abenteuer-delphin.ch\/index.php?rest_route=\/wp\/v2\/pages"}],"about":[{"href":"https:\/\/www.abenteuer-delphin.ch\/index.php?rest_route=\/wp\/v2\/types\/page"}],"author":[{"embeddable":true,"href":"https:\/\/www.abenteuer-delphin.ch\/index.php?rest_route=\/wp\/v2\/users\/1"}],"replies":[{"embeddable":true,"href":"https:\/\/www.abenteuer-delphin.ch\/index.php?rest_route=%2Fwp%2Fv2%2Fcomments&post=89"}],"version-history":[{"count":3,"href":"https:\/\/www.abenteuer-delphin.ch\/index.php?rest_route=\/wp\/v2\/pages\/89\/revisions"}],"predecessor-version":[{"id":104,"href":"https:\/\/www.abenteuer-delphin.ch\/index.php?rest_route=\/wp\/v2\/pages\/89\/revisions\/104"}],"wp:attachment":[{"href":"https:\/\/www.abenteuer-delphin.ch\/index.php?rest_route=%2Fwp%2Fv2%2Fmedia&parent=89"}],"curies":[{"name":"wp","href":"https:\/\/api.w.org\/{rel}","templated":true}]}}