{"id":92,"date":"2017-02-10T20:59:29","date_gmt":"2017-02-10T20:59:29","guid":{"rendered":"http:\/\/www.abenteuer-delphin.ch\/?page_id=92"},"modified":"2017-02-10T20:59:29","modified_gmt":"2017-02-10T20:59:29","slug":"projektenews","status":"publish","type":"page","link":"https:\/\/www.abenteuer-delphin.ch\/?page_id=92","title":{"rendered":"Projekte\/News"},"content":{"rendered":"<p style=\"text-align: left;\" align=\"right\"><b><span style=\"color: #000000;\">DOLPHIN<\/span><span style=\"color: #0000ff;\">ZONE\u00a9<br \/>\n<\/span>CENTER FOR RESEARCH, LEARNING AND EXPERIENCE<\/b><\/p>\n<p>Dolphin Zone ist ein einzigartiges Projekt, welches wir in Griechenland in enger Zusammenarbeit mit dort ans\u00e4ssigen Meeresbiologen, Universit\u00e4ten, Institutionen, Schulen sowie Menschen aus der Politik\/Wirtschaft, ins Leben rufen.<\/p>\n<p>Es entsteht ein Platz, an welchem den Delphinen in ihrem nat\u00fcrlichen Lebensraum, dem Meer begegnet werden kann. Die sanfte, respektvolle Begegnung steht im Mittelpunkt.<\/p>\n<p><b>Dolphin Zone hat sich zum Ziel gesetzt:<br \/>\n<\/b><br \/>\n<b>Delphine\/Tiere<br \/>\nKinder\/Menschen<br \/>\nMeer\/Natur<\/b><\/p>\n<p>zu verbinden, sich n\u00e4her zu bringen und eine Plattform zwischen wissenschaftlicher Forschung und spielerischem lernen und erleben zu gr\u00fcnden.<\/p>\n<p>Es sollen die Arten erhalten, die Kreaturen gesch\u00fctzt und das \u00f6kologische Verst\u00e4ndnis geschult werden. Der soziale Kontakt, Akzeptanz und Toleranz unter uns Menschen, auch den sozial schw\u00e4cheren und benachteiligten Schichten, soll gef\u00f6rdert werden.<\/p>\n<p>In einer ersten Projektphase wird das Forschungslabor OKEANUS unter der kompetenten Leitung von Dr. Frank Veit, Verhaltensbiologe und Mitbegr\u00fcnder des Forschungslabors im Dolphin Reef Eilat\/Israel, eingerichtet und gegr\u00fcndet.<\/p>\n<p>Der Bereich Forschung beinhaltet das Labor, welches allgemeine Beobachtungen und Verhaltensstudien an den Tieren durchf\u00fchrt, dass aber auch Verbreitung, Oekologie und Schutz lokaler Delphinpopulationen zum Thema hat.<\/p>\n<p>Parallel dazu entsteht unter der Leitung von Frau Susanne Kuntner ein Feriendorf f\u00fcr Kinder\/Jugendliche. Dolphin Zone wird den Teilnehmern die M\u00f6glichkeit bieten, spielerisch zu lernen, erleben und entdecken. Es werden speziell ausgearbeitete Programme und autodidaktische Kurse angeboten. Das kreative Schaffen spielt dabei eine weitere, wichtige Rolle. Der Seele wird Raum und Platz gegeben in eine andere Welt einzutauchen. Grenzen werden \u00fcberschritten, Nationalit\u00e4ten \u00fcberwunden und verbunden.<\/p>\n<p>Die unterst\u00fctzende Begegnung mit der Hilfe von Delphinen f\u00f6rdert die Entwicklung und kann den Heilungsprozess in vielerlei Hinsicht positiv begleiten und wirksam unterst\u00fctzen.<\/p>\n<p><b>Das Feriendorf umfasst und bietet an:<\/b><\/p>\n<ul>\n<ul>\n<li>Ferienh\u00e4user-\/Unterkunft<\/li>\n<\/ul>\n<\/ul>\n<ul>\n<ul>\n<li>Anlage f\u00fcr Tagesbesucher<\/li>\n<\/ul>\n<\/ul>\n<ul>\n<ul>\n<li>Forschungslabor <span style=\"color: #0000ff;\">OKEANUS<\/span><\/li>\n<\/ul>\n<\/ul>\n<ul>\n<ul>\n<li>Sanftes wahle watching<\/li>\n<\/ul>\n<\/ul>\n<ul>\n<ul>\n<li>Schulungsr\u00e4ume<\/li>\n<\/ul>\n<\/ul>\n<ul>\n<ul>\n<li>Kreativatelier<\/li>\n<\/ul>\n<\/ul>\n<ul>\n<ul>\n<li>S\u00fcsswasserpool f\u00fcr sanfte Wassertherapien<\/li>\n<\/ul>\n<\/ul>\n<ul>\n<li>Gesundheitsmassagen<\/li>\n<\/ul>\n<p><b>Dolphin Zone &#8211; zeitlicher Ablauf:<\/b><\/p>\n<p>2004: Abkl\u00e4rungen, Kooperationen, Standortsuche, Finanzplanung, Businessplan<br \/>\n2005: Konkretiesierung und Ausf\u00fchrung des Projektes, sowie Sicherstellung der<br \/>\nFinanzen<br \/>\n2006: Fr\u00fchjahr\/Sommer Realisation<\/p>\n<p><b>Dolphin Zone \u2013 das tun wir f\u00fcr Sie:<\/b><\/p>\n<p>&nbsp;<\/p>\n<ul>\n<li>Sie werden laufende Projekte sowie \u00fcber die aktuellsten<\/li>\n<\/ul>\n<p>Forschungsresultate informiert.<\/p>\n<ul>\n<li>Sie werden zu nationalen und internationalen Kongressen\u00a0 eingeladen.<\/li>\n<li>Sie erhalten entsprechend Verg\u00fcnstigungen bei Kurs- und Ferienaufenthalten.<\/li>\n<li>Sie werden namentlich als Sponsor\/Investor aufgef\u00fchrt und in der Presse erw\u00e4hnt.<\/li>\n<li>Sie werden von den Kindern\/-Jugendlichen \u00fcber ihren Aufenthalt orientiert.<\/li>\n<li>Sie erhalten Ihre Spendenbest\u00e4tigung und Verdankung.<\/li>\n<\/ul>\n<p>&nbsp;<br \/>\nDolphin Zone &#8211; welchen Beitrag k\u00f6nnen Sie leisten?<\/p>\n<p>Wir m\u00f6chten das Forschungslabor OKEANUS einrichten, unterst\u00fctzen und am Leben erhalten:<\/p>\n<p>Wir Sponsoren die ben\u00f6tigten Forschungsger\u00e4te des Labors OKEANUS:<\/p>\n<p>Wir k\u00f6nnen uns mit diesem Projekt identifizieren und m\u00f6chten eine Patenschaft\/ Hauptsponsor von Dolphin Zone werden:<\/p>\n<p>Wir beteiligen uns bei der Erstellung\/Einrichtung und Beschaffung der Infrastruktur des Kinderferiendorfes:<\/p>\n<p>Wir finanzieren und erm\u00f6glichen sozial schw\u00e4cheren und benachteiligten Kindern\/-Jugendlichen einen Aufenthalt im Feriendorf:<\/p>\n<p>Wir sind von der Idee Dolphin Zone \u00fcberzeugt und m\u00f6chten daf\u00fcr Werbung machen:<\/p>\n<p>Wir m\u00f6chten Dolphin Zone mit einem dauerhaften j\u00e4hrlichen Beitrag unterst\u00fctzen:<\/p>\n<p><b>Wir m\u00f6chten Hauptinvestor werden:<\/b><\/p>\n<p>Bitte nehmen Sie mit uns Kontakt auf f\u00fcr eine unverbindliche Pr\u00e4sentation des Projektes Dolphin Zone:<\/p>\n","protected":false},"excerpt":{"rendered":"<p>DOLPHINZONE\u00a9 CENTER FOR RESEARCH, LEARNING AND EXPERIENCE Dolphin Zone ist ein einzigartiges Projekt, welches wir in Griechenland in enger Zusammenarbeit mit dort ans\u00e4ssigen Meeresbiologen, Universit\u00e4ten, Institutionen, Schulen sowie Menschen aus der Politik\/Wirtschaft, ins Leben rufen. Es entsteht ein Platz, an welchem den Delphinen in ihrem nat\u00fcrlichen Lebensraum, dem Meer begegnet werden kann. Die sanfte, respektvolle &hellip; <\/p>\n<p class=\"link-more\"><a href=\"https:\/\/www.abenteuer-delphin.ch\/?page_id=92\" class=\"more-link\"><span class=\"screen-reader-text\">\u201eProjekte\/News\u201c<\/span> weiterlesen<\/a><\/p>\n","protected":false},"author":1,"featured_media":0,"parent":0,"menu_order":0,"comment_status":"closed","ping_status":"closed","template":"","meta":{"footnotes":""},"class_list":["post-92","page","type-page","status-publish","hentry"],"_links":{"self":[{"href":"https:\/\/www.abenteuer-delphin.ch\/index.php?rest_route=\/wp\/v2\/pages\/92","targetHints":{"allow":["GET"]}}],"collection":[{"href":"https:\/\/www.abenteuer-delphin.ch\/index.php?rest_route=\/wp\/v2\/pages"}],"about":[{"href":"https:\/\/www.abenteuer-delphin.ch\/index.php?rest_route=\/wp\/v2\/types\/page"}],"author":[{"embeddable":true,"href":"https:\/\/www.abenteuer-delphin.ch\/index.php?rest_route=\/wp\/v2\/users\/1"}],"replies":[{"embeddable":true,"href":"https:\/\/www.abenteuer-delphin.ch\/index.php?rest_route=%2Fwp%2Fv2%2Fcomments&post=92"}],"version-history":[{"count":1,"href":"https:\/\/www.abenteuer-delphin.ch\/index.php?rest_route=\/wp\/v2\/pages\/92\/revisions"}],"predecessor-version":[{"id":94,"href":"https:\/\/www.abenteuer-delphin.ch\/index.php?rest_route=\/wp\/v2\/pages\/92\/revisions\/94"}],"wp:attachment":[{"href":"https:\/\/www.abenteuer-delphin.ch\/index.php?rest_route=%2Fwp%2Fv2%2Fmedia&parent=92"}],"curies":[{"name":"wp","href":"https:\/\/api.w.org\/{rel}","templated":true}]}}