{"id":95,"date":"2017-02-10T21:00:42","date_gmt":"2017-02-10T21:00:42","guid":{"rendered":"http:\/\/www.abenteuer-delphin.ch\/?page_id=95"},"modified":"2023-05-11T23:34:31","modified_gmt":"2023-05-11T23:34:31","slug":"kontakt","status":"publish","type":"page","link":"https:\/\/www.abenteuer-delphin.ch\/?page_id=95","title":{"rendered":"Kontakt"},"content":{"rendered":"\n<p>\u201eNichts ist gleichg\u00fcltig. Nichts geht verloren. Alles, was wir tun oder nicht tun, kann unendliche Perspektiven haben\u201e<br><em>Gustav Heinemann<\/em><\/p>\n\n\n\n<p>Suchen Sie als Privatperson oder Unternehmer nach einem \u00fcberzeugenden sozialen Engagement? Bei dem Sie sicher gehen, dass Ihre Spende sinnvoll eingesetzt wird und Menschenherzen h\u00f6her schlagen l\u00e4sst?<br>Nebst Ihrer Spende besteht aber auch die M\u00f6glichkeit, im Team mitzuhelfen, zu beraten und zu unterst\u00fctzen.<br>Die Stiftung Dolphin Zone mit Sitz in Z\u00fcrich wird wegen Verfolgung von gemeinn\u00fctzigen Zwecken von der Staatssteuer und den allgemeinen Gemeindesteuern sowie von der direkten Bundessteuer befreit (Kantonales Steueramt, Z\u00fcrich, 21. Juni 2002).<\/p>\n\n\n\n<p>Wir freuen uns auf ein pers\u00f6nliches Kennen lernen. Sie erreichen uns telefonisch unter der Nummer: 044 \/ 748 39 67<\/p>\n\n\n\n<p class=\"has-vivid-cyan-blue-color has-text-color\">oder Sie schreiben uns:<\/p>\n\n\n\n<div class=\"wp-block-contact-form-7-contact-form-selector\">\n<div class=\"wpcf7 no-js\" id=\"wpcf7-f184-o1\" lang=\"de-DE\" dir=\"ltr\">\n<div class=\"screen-reader-response\"><p role=\"status\" aria-live=\"polite\" aria-atomic=\"true\"><\/p> <ul><\/ul><\/div>\n<form action=\"\/index.php?rest_route=%2Fwp%2Fv2%2Fpages%2F95#wpcf7-f184-o1\" method=\"post\" class=\"wpcf7-form init\" aria-label=\"Kontaktformular\" novalidate=\"novalidate\" data-status=\"init\">\n<div style=\"display: none;\">\n<input type=\"hidden\" name=\"_wpcf7\" value=\"184\" \/>\n<input type=\"hidden\" name=\"_wpcf7_version\" value=\"5.7.6\" \/>\n<input type=\"hidden\" name=\"_wpcf7_locale\" value=\"de_DE\" \/>\n<input type=\"hidden\" name=\"_wpcf7_unit_tag\" value=\"wpcf7-f184-o1\" \/>\n<input type=\"hidden\" name=\"_wpcf7_container_post\" value=\"0\" \/>\n<input type=\"hidden\" name=\"_wpcf7_posted_data_hash\" value=\"\" \/>\n<\/div>\n<p><label> Dein Name<br \/>\n<span class=\"wpcf7-form-control-wrap\" data-name=\"your-name\"><input size=\"40\" class=\"wpcf7-form-control wpcf7-text wpcf7-validates-as-required\" autocomplete=\"name\" aria-required=\"true\" aria-invalid=\"false\" value=\"\" type=\"text\" name=\"your-name\" \/><\/span> <\/label>\n<\/p>\n<p><label> Deine E-Mail-Adresse<br \/>\n<span class=\"wpcf7-form-control-wrap\" data-name=\"your-email\"><input size=\"40\" class=\"wpcf7-form-control wpcf7-text wpcf7-email wpcf7-validates-as-required wpcf7-validates-as-email\" autocomplete=\"email\" aria-required=\"true\" aria-invalid=\"false\" value=\"\" type=\"email\" name=\"your-email\" \/><\/span> <\/label>\n<\/p>\n<p><label> Betreff<br \/>\n<span class=\"wpcf7-form-control-wrap\" data-name=\"your-subject\"><input size=\"40\" class=\"wpcf7-form-control wpcf7-text wpcf7-validates-as-required\" aria-required=\"true\" aria-invalid=\"false\" value=\"\" type=\"text\" name=\"your-subject\" \/><\/span> <\/label>\n<\/p>\n<p><label> Deine Nachricht (optional)<br \/>\n<span class=\"wpcf7-form-control-wrap\" data-name=\"your-message\"><textarea cols=\"40\" rows=\"10\" class=\"wpcf7-form-control wpcf7-textarea\" aria-invalid=\"false\" name=\"your-message\"><\/textarea><\/span> <\/label>\n<\/p>\n<p><span class=\"wpcf7-form-control-wrap\" data-name=\"quiz-251\"><label><span class=\"wpcf7-quiz-label\">Wenn Du kein Roboter bist, beantworte folgendes:  Die Hauptstadt von Italien heisst?<\/span> <input size=\"40\" class=\"wpcf7-form-control wpcf7-quiz\" autocomplete=\"off\" aria-required=\"true\" aria-invalid=\"false\" type=\"text\" name=\"quiz-251\" \/><\/label><input type=\"hidden\" name=\"_wpcf7_quiz_answer_quiz-251\" value=\"2f619b2b725296e6f16d4860c096d133\" \/><\/span>\n<\/p>\n<p><input class=\"wpcf7-form-control has-spinner wpcf7-submit\" type=\"submit\" value=\"Senden\" \/>\n<\/p><div class=\"wpcf7-response-output\" aria-hidden=\"true\"><\/div>\n<\/form>\n<\/div>\n<\/div>\n","protected":false},"excerpt":{"rendered":"<p>\u201eNichts ist gleichg\u00fcltig. Nichts geht verloren. Alles, was wir tun oder nicht tun, kann unendliche Perspektiven haben\u201eGustav Heinemann Suchen Sie als Privatperson oder Unternehmer nach einem \u00fcberzeugenden sozialen Engagement? Bei dem Sie sicher gehen, dass Ihre Spende sinnvoll eingesetzt wird und Menschenherzen h\u00f6her schlagen l\u00e4sst?Nebst Ihrer Spende besteht aber auch die M\u00f6glichkeit, im Team mitzuhelfen, &hellip; <\/p>\n<p class=\"link-more\"><a href=\"https:\/\/www.abenteuer-delphin.ch\/?page_id=95\" class=\"more-link\"><span class=\"screen-reader-text\">\u201eKontakt\u201c<\/span> weiterlesen<\/a><\/p>\n","protected":false},"author":1,"featured_media":0,"parent":0,"menu_order":0,"comment_status":"closed","ping_status":"closed","template":"","meta":{"footnotes":""},"class_list":["post-95","page","type-page","status-publish","hentry"],"_links":{"self":[{"href":"https:\/\/www.abenteuer-delphin.ch\/index.php?rest_route=\/wp\/v2\/pages\/95","targetHints":{"allow":["GET"]}}],"collection":[{"href":"https:\/\/www.abenteuer-delphin.ch\/index.php?rest_route=\/wp\/v2\/pages"}],"about":[{"href":"https:\/\/www.abenteuer-delphin.ch\/index.php?rest_route=\/wp\/v2\/types\/page"}],"author":[{"embeddable":true,"href":"https:\/\/www.abenteuer-delphin.ch\/index.php?rest_route=\/wp\/v2\/users\/1"}],"replies":[{"embeddable":true,"href":"https:\/\/www.abenteuer-delphin.ch\/index.php?rest_route=%2Fwp%2Fv2%2Fcomments&post=95"}],"version-history":[{"count":40,"href":"https:\/\/www.abenteuer-delphin.ch\/index.php?rest_route=\/wp\/v2\/pages\/95\/revisions"}],"predecessor-version":[{"id":198,"href":"https:\/\/www.abenteuer-delphin.ch\/index.php?rest_route=\/wp\/v2\/pages\/95\/revisions\/198"}],"wp:attachment":[{"href":"https:\/\/www.abenteuer-delphin.ch\/index.php?rest_route=%2Fwp%2Fv2%2Fmedia&parent=95"}],"curies":[{"name":"wp","href":"https:\/\/api.w.org\/{rel}","templated":true}]}}